{"id":7838,"date":"2023-07-10T19:54:36","date_gmt":"2023-07-11T01:54:36","guid":{"rendered":"https:\/\/walternavarrete.com\/academy\/?post_type=product&#038;p=7838"},"modified":"2025-12-29T15:09:18","modified_gmt":"2025-12-29T21:09:18","slug":"aws-cloud-foundation","status":"publish","type":"product","link":"https:\/\/walternavarrete.com\/academy\/product\/aws-cloud-foundation\/","title":{"rendered":"AWS Cloud Foundation"},"content":{"rendered":"<p><strong>Introducci\u00f3n: <\/strong><\/p>\n<p>Amazon Web Services es una de las plataformas de nube l\u00edderes en el mercado que mayor innovaci\u00f3n ofrece con sus diferentes servicios y plataformas, este entrenamiento ofrece no \u00fanicamente los primeros pasos dentro de este proveedor de nube, sino que permitir\u00e1 a los participantes establecer las bases para realizar un proyecto de migraci\u00f3n de nube y dise\u00f1ar aplicaciones basado en los principios y mejores pr\u00e1cticas en AWS.<\/p>\n<p><strong>Objetivos espec\u00edficos: <\/strong><\/p>\n<ul>\n<li>Conocer sobre los principios de dise\u00f1o de AWS para implementar aplicaciones eficientes y seguras.<\/li>\n<li>Conocer sobre los servicios de c\u00f3mputo, almacenamiento, bases de datos y redes para implementaci\u00f3n de nuevas arquitecturas.<\/li>\n<li>Implementar soluciones que brinden caracter\u00edsticas de elasticidad y alta disponibilidad en AWS.<\/li>\n<\/ul>\n<p><strong>Contenido<\/strong>:<\/p>\n<p><strong>Introducci\u00f3n a los servicios de Amazon AWS<\/strong><\/p>\n<ul>\n<li>Introducci\u00f3n a la inform\u00e1tica en la Nube<\/li>\n<li>Ventajas de la inform\u00e1tica en la Nube<\/li>\n<li>Introduci\u00f3n a Amazon Web Services (AWS)<\/li>\n<li>Migraci\u00f3n a la Nube de AWS &#8211; MArco de Adopci\u00f3n de la Nube (CAF &#8211; Cloud Adoption Frameworks)<\/li>\n<\/ul>\n<p>Facturaci\u00f3n y Econom\u00eda en la Nube<\/p>\n<ul>\n<li>Aspectos Fundamentales de los Precios<\/li>\n<li>Costo Total de Propiedad<\/li>\n<li>Facturaci\u00f3n<\/li>\n<li>Soporte T\u00e9cnico<\/li>\n<\/ul>\n<p><strong>Informaci\u00f3n General sobre la Infraestructura Global de AWS<\/strong><\/p>\n<ul>\n<li>Infraestructura Global de AWS<\/li>\n<li>Informaci\u00f3n general sobre los serviciso de AWS y sus Categorias<\/li>\n<\/ul>\n<p><strong>Seguridad en la Nube<\/strong><\/p>\n<ul>\n<li>Seguridad en la Nube de AWS<\/li>\n<li>Identidad y Acceso en AWS (IAM)<\/li>\n<li>Protecci\u00f3n de una neuva cuenta en AWS<\/li>\n<li>Protecci\u00f3n de cuentas en AWS<\/li>\n<li>Protecci\u00f3n de Datos en AWS<\/li>\n<li>Garantizando la Conformidad (Cumplimiento) en AWS<\/li>\n<\/ul>\n<p><strong>Redes y Entrega de Contenido<\/strong><\/p>\n<ul>\n<li>Conceptos b\u00e1sicos de Redes y Amazon VPC<\/li>\n<li>Redes de VPC<\/li>\n<li>Seguridad de VPC<\/li>\n<li>Amazon Route 53<\/li>\n<li>Amazon CloudFront<\/li>\n<\/ul>\n<p><strong>Inform\u00e1tica (Instancias EC2)<\/strong><\/p>\n<ul>\n<li>Descripci\u00f3n sobre los servicios de C\u00f3mputo en AWS<\/li>\n<li>Optimizaci\u00f3n de Costos en Amazon EC2<\/li>\n<li>Servicios de Contenedores en AWS<\/li>\n<li>Introducci\u00f3n a AWS Lambda<\/li>\n<\/ul>\n<p><strong>Almacenamiento<\/strong><\/p>\n<ul>\n<li>Amazon Elastic Bloc Store (EBS)<\/li>\n<li>Amazon Simple Storage Services (S3)<\/li>\n<li>Amazon Elastic File System (EFS)<\/li>\n<li>Amazon S3 Clacier<\/li>\n<\/ul>\n<p><strong>Bases de Datos (RDS)<\/strong><\/p>\n<ul>\n<li>Amazon RDS (Relational Database Services)<\/li>\n<li>Amazon DynamoDB<\/li>\n<li>Amazon RedShift<\/li>\n<li>Amazon Aurora<\/li>\n<\/ul>\n<p><strong>Arquitectura en la Nube<\/strong><\/p>\n<ul>\n<li>Arquitectura en Nube &#8211; Marco de Buenas Pr\u00e1cticas<\/li>\n<li>Fiabilidad y Disponibilidad<\/li>\n<li>AWS Trusted Advisor<\/li>\n<\/ul>\n<p><strong>Monitoreo y Escalaci\u00f3n Autom\u00e1tica<\/strong><\/p>\n<ul>\n<li>Monitoreo y Auto Escalaci\u00f3n<\/li>\n<li>Amazon CloudWatch<\/li>\n<li>Grupos de Auto Escalaci\u00f3n<\/li>\n<\/ul>\n<p><strong>IMPORTANTE<\/strong>:<\/p>\n<ul>\n<li>Todos los entrenamientos cuentan con soporte t\u00e9cnico para apoyarte en tus implementaci\u00f3nes.<\/li>\n<li>Este entrenamiento ofrece acceso a consola de AWS para realizaci\u00f3n de pr\u00e1cticas<\/li>\n<\/ul>\n<p>Si tienes consultas con gusto te ampliamos al respecto, contactanos a info@walternavarrete.com<\/p>\n<p>&nbsp;<\/p>\n","protected":false},"excerpt":{"rendered":"<p>Introducci\u00f3n: Amazon Web Services es una de las plataformas de nube l\u00edderes en el mercado que mayor innovaci\u00f3n ofrece con<\/p>\n","protected":false},"featured_media":9982,"comment_status":"open","ping_status":"closed","template":"","meta":{"content-type":""},"product_brand":[],"product_cat":[94,96,91,101],"product_tag":[134,136,135],"class_list":{"0":"post-7838","1":"product","2":"type-product","3":"status-publish","4":"has-post-thumbnail","6":"product_cat-aws","7":"product_cat-cloud-computing","8":"product_cat-online-training","9":"product_cat-tecnologia","10":"product_tag-aws","11":"product_tag-cloud-computing","12":"product_tag-cloud-practitioner","14":"first","15":"instock","16":"virtual","17":"sold-individually","18":"purchasable","19":"product-type-simple"},"_links":{"self":[{"href":"https:\/\/walternavarrete.com\/academy\/wp-json\/wp\/v2\/product\/7838","targetHints":{"allow":["GET"]}}],"collection":[{"href":"https:\/\/walternavarrete.com\/academy\/wp-json\/wp\/v2\/product"}],"about":[{"href":"https:\/\/walternavarrete.com\/academy\/wp-json\/wp\/v2\/types\/product"}],"replies":[{"embeddable":true,"href":"https:\/\/walternavarrete.com\/academy\/wp-json\/wp\/v2\/comments?post=7838"}],"wp:featuredmedia":[{"embeddable":true,"href":"https:\/\/walternavarrete.com\/academy\/wp-json\/wp\/v2\/media\/9982"}],"wp:attachment":[{"href":"https:\/\/walternavarrete.com\/academy\/wp-json\/wp\/v2\/media?parent=7838"}],"wp:term":[{"taxonomy":"product_brand","embeddable":true,"href":"https:\/\/walternavarrete.com\/academy\/wp-json\/wp\/v2\/product_brand?post=7838"},{"taxonomy":"product_cat","embeddable":true,"href":"https:\/\/walternavarrete.com\/academy\/wp-json\/wp\/v2\/product_cat?post=7838"},{"taxonomy":"product_tag","embeddable":true,"href":"https:\/\/walternavarrete.com\/academy\/wp-json\/wp\/v2\/product_tag?post=7838"}],"curies":[{"name":"wp","href":"https:\/\/api.w.org\/{rel}","templated":true}]}}