{"id":7772,"date":"2023-06-26T08:08:01","date_gmt":"2023-06-26T14:08:01","guid":{"rendered":"https:\/\/walternavarrete.com\/academy\/?post_type=product&#038;p=7772"},"modified":"2025-10-24T16:50:45","modified_gmt":"2025-10-24T22:50:45","slug":"fundamentos-de-virtualizacion","status":"publish","type":"product","link":"https:\/\/walternavarrete.com\/academy\/product\/fundamentos-de-virtualizacion\/","title":{"rendered":"Fundamentos sobre Virtualizaci\u00f3n de Sistemas"},"content":{"rendered":"<p>Conoce sobre los aspectos b\u00e1sicos y la historia sobre la virtualizaci\u00f3n de sistemas, aspectos que te permitir\u00e1 conocer sobre diversas herramientas de virtualizaci\u00f3n desde las que utilizas para probar en tu computadora personal, como las que se utilizan para ambientes de centros de datos con cientos de servidores virtuales, aprender\u00e1s a identificar la herramienta adecuada, aspectos relacionados a los costos y el proceso de conversi\u00f3n de f\u00edsico a virtual, finalmente c\u00f3mo la virtualizaci\u00f3n forma parte de los operadores de nube.<\/p>\n<p>Temas incluidos:<\/p>\n<p><strong>Un poco de historia<\/strong><\/p>\n<ul>\n<li>Introducci\u00f3n<\/li>\n<li>\u00bfQui\u00e9n inicio primero?<\/li>\n<li>Productos en la Historia<\/li>\n<li>Introducci\u00f3n &#8211; Software Defined Data Center (SDDC)<\/li>\n<li>SDDC &#8211; Parte 1 (Video)<\/li>\n<li>SDDC\u00a0 &#8211; Parte 2 (Video)<\/li>\n<\/ul>\n<p><strong>Conceptos, Herramientas y Licenciamiento<\/strong><\/p>\n<ul>\n<li>Conceptos sobre virtualizaci\u00f3n<\/li>\n<li>Herramientas para virtualizaci\u00f3n desde la PC<\/li>\n<li>Licenciamiento &#8211; Microsoft Hyper-v<\/li>\n<li>Licenciamiento &#8211; VMware vSphere<\/li>\n<\/ul>\n<p><strong>Virtualizaci\u00f3n del Data Center<\/strong><\/p>\n<ul>\n<li>Virtualizaci\u00f3n a gran escala<\/li>\n<li>An\u00e1lisis de Rendimiento (LiveOptics)<\/li>\n<li>Instalaci\u00f3n de Vmware vSphere<\/li>\n<li>Instalaci\u00f3n de ProxMox VE<\/li>\n<li>Conversi\u00f3n de Sistemas F\u00edsicos a Virtuales (P2V)<\/li>\n<\/ul>\n<p><strong>Escenarios de Alta Disponibilidad<\/strong><\/p>\n<ul>\n<li>Introducci\u00f3n a VMware vSphere HA (High Availability)<\/li>\n<li>Soluciones de Hiperconvergencia (HCI)<\/li>\n<li>Introducci\u00f3n a NUTANIX<\/li>\n<\/ul>\n<p><strong>IMPORTANTE<\/strong> &#8211; todos los entrenamientos cuentan con soporte asistencial para apoyarte en tus implementaciones.<\/p>\n","protected":false},"excerpt":{"rendered":"<p>Conoce sobre los aspectos b\u00e1sicos y la historia sobre la virtualizaci\u00f3n de sistemas, aspectos que te permitir\u00e1 conocer sobre diversas<\/p>\n","protected":false},"featured_media":7771,"comment_status":"open","ping_status":"closed","template":"","meta":{"content-type":""},"product_brand":[],"product_cat":[91,101,102],"product_tag":[158,155,157,156,153,154],"class_list":{"0":"post-7772","1":"product","2":"type-product","3":"status-publish","4":"has-post-thumbnail","6":"product_cat-online-training","7":"product_cat-tecnologia","8":"product_cat-virtualizacion","9":"product_tag-hiperconvegencia","10":"product_tag-hyper-v","11":"product_tag-p2v","12":"product_tag-proxmox","13":"product_tag-virtualizacion","14":"product_tag-vmware","16":"first","17":"instock","18":"virtual","19":"sold-individually","20":"purchasable","21":"product-type-simple"},"_links":{"self":[{"href":"https:\/\/walternavarrete.com\/academy\/wp-json\/wp\/v2\/product\/7772","targetHints":{"allow":["GET"]}}],"collection":[{"href":"https:\/\/walternavarrete.com\/academy\/wp-json\/wp\/v2\/product"}],"about":[{"href":"https:\/\/walternavarrete.com\/academy\/wp-json\/wp\/v2\/types\/product"}],"replies":[{"embeddable":true,"href":"https:\/\/walternavarrete.com\/academy\/wp-json\/wp\/v2\/comments?post=7772"}],"wp:featuredmedia":[{"embeddable":true,"href":"https:\/\/walternavarrete.com\/academy\/wp-json\/wp\/v2\/media\/7771"}],"wp:attachment":[{"href":"https:\/\/walternavarrete.com\/academy\/wp-json\/wp\/v2\/media?parent=7772"}],"wp:term":[{"taxonomy":"product_brand","embeddable":true,"href":"https:\/\/walternavarrete.com\/academy\/wp-json\/wp\/v2\/product_brand?post=7772"},{"taxonomy":"product_cat","embeddable":true,"href":"https:\/\/walternavarrete.com\/academy\/wp-json\/wp\/v2\/product_cat?post=7772"},{"taxonomy":"product_tag","embeddable":true,"href":"https:\/\/walternavarrete.com\/academy\/wp-json\/wp\/v2\/product_tag?post=7772"}],"curies":[{"name":"wp","href":"https:\/\/api.w.org\/{rel}","templated":true}]}}