{"id":7681,"date":"2023-06-12T11:25:50","date_gmt":"2023-06-12T17:25:50","guid":{"rendered":"https:\/\/walternavarrete.com\/academy\/?post_type=product&#038;p=7681"},"modified":"2024-12-13T15:21:36","modified_gmt":"2024-12-13T21:21:36","slug":"administracion-de-microsoft-office-365","status":"publish","type":"product","link":"https:\/\/walternavarrete.com\/academy\/product\/administracion-de-microsoft-office-365\/","title":{"rendered":"Administraci\u00f3n e Implementaci\u00f3n de Microsoft Office 365"},"content":{"rendered":"<p>En este curso aprender\u00e1s a conocer sobre las diferentes subscripciones que existen de Microsoft \/ Office 365 y poder identificar cu\u00e1l es la alternativa m\u00e1s adecuada para tu organizaci\u00f3n, luego conocer\u00e1s c\u00f3mo se realizan los pasos de configuraci\u00f3n inicial de la subscripci\u00f3n hasta configurar lo relacionado a la publicaci\u00f3n de tu dominio para habilitar tu correo electr\u00f3nico.<\/p>\n<p>La administraci\u00f3n de Microsoft \/ Office 365 tiene dos grandes \u00e1reas, lo relacionado al consumo de las aplicaciones del lado de los usuarios finales, en donde descubrir\u00e1s cu\u00e1les son todas las aplicaciones que ofrece la subscripci\u00f3n, algo que en muchas ocasiones nos afecta, porque s\u00f3lo nos quedamos utilizando las aplicaciones elementales (Word \/ Excel \/ PowerPoint \/ Outlook) y el otro aspecto administrativo que es lo relacionado a conocer los diferentes Admin Centers para controlar los aspectos de configuraci\u00f3n de Exchange Online (Correo electr\u00f3nico), Teams, SharePoint, OneDrive y muchos m\u00e1s..!<\/p>\n<p>Aspectos que aprenderas:<\/p>\n<ul>\n<li>Conocer sobre las diferentes subscripciones disponibles de Microsoft \/ Office 365<\/li>\n<li>Aprender a realizar la configuraci\u00f3n inicial de la subscripci\u00f3n<\/li>\n<li>Configurar los servicios principales de la subscripci\u00f3n<\/li>\n<li>Planificar la implementaci\u00f3n de Office 365<\/li>\n<li>Administraci\u00f3n de usuarios y grupos de Office 365<\/li>\n<li>Configuraci\u00f3n de Exchange Online<\/li>\n<li>Creaci\u00f3n y administraci\u00f3n de sitios de Sharepoint Online<\/li>\n<li>Administrar almacenamiento de OneDrive<\/li>\n<\/ul>\n","protected":false},"excerpt":{"rendered":"<p>En este curso aprender\u00e1s a conocer sobre las diferentes subscripciones que existen de Microsoft \/ Office 365 y poder identificar<\/p>\n","protected":false},"featured_media":7682,"comment_status":"open","ping_status":"closed","template":"","meta":{"content-type":""},"product_brand":[],"product_cat":[91],"product_tag":[],"class_list":{"0":"post-7681","1":"product","2":"type-product","3":"status-publish","4":"has-post-thumbnail","6":"product_cat-online-training","8":"first","9":"instock","10":"virtual","11":"sold-individually","12":"purchasable","13":"product-type-simple"},"_links":{"self":[{"href":"https:\/\/walternavarrete.com\/academy\/wp-json\/wp\/v2\/product\/7681","targetHints":{"allow":["GET"]}}],"collection":[{"href":"https:\/\/walternavarrete.com\/academy\/wp-json\/wp\/v2\/product"}],"about":[{"href":"https:\/\/walternavarrete.com\/academy\/wp-json\/wp\/v2\/types\/product"}],"replies":[{"embeddable":true,"href":"https:\/\/walternavarrete.com\/academy\/wp-json\/wp\/v2\/comments?post=7681"}],"wp:featuredmedia":[{"embeddable":true,"href":"https:\/\/walternavarrete.com\/academy\/wp-json\/wp\/v2\/media\/7682"}],"wp:attachment":[{"href":"https:\/\/walternavarrete.com\/academy\/wp-json\/wp\/v2\/media?parent=7681"}],"wp:term":[{"taxonomy":"product_brand","embeddable":true,"href":"https:\/\/walternavarrete.com\/academy\/wp-json\/wp\/v2\/product_brand?post=7681"},{"taxonomy":"product_cat","embeddable":true,"href":"https:\/\/walternavarrete.com\/academy\/wp-json\/wp\/v2\/product_cat?post=7681"},{"taxonomy":"product_tag","embeddable":true,"href":"https:\/\/walternavarrete.com\/academy\/wp-json\/wp\/v2\/product_tag?post=7681"}],"curies":[{"name":"wp","href":"https:\/\/api.w.org\/{rel}","templated":true}]}}