{"id":7492,"date":"2023-05-31T14:52:10","date_gmt":"2023-05-31T20:52:10","guid":{"rendered":"https:\/\/walternavarrete.com\/academy\/?post_type=product&#038;p=7492"},"modified":"2025-01-03T13:54:03","modified_gmt":"2025-01-03T19:54:03","slug":"elearning-metodologia-y-creacion-de-contenido","status":"publish","type":"product","link":"https:\/\/walternavarrete.com\/academy\/product\/elearning-metodologia-y-creacion-de-contenido\/","title":{"rendered":"eLearning &#8211; Metodolog\u00eda y Creaci\u00f3n de Contenido"},"content":{"rendered":"<div class=\"tutor-course-details-content\">\n<div class=\"tutor-fs-6 tutor-color-secondary\">\n<p>Este entrenamiento esta dirigido a toda la comunidad acad\u00e9mica, en donde estaremos cubriendo temas sobre metodolog\u00eda para desarrollar la docencia usando diferentes herramientas tecnol\u00f3gicas para crear escenarios de entrernamiento en l\u00ednea (eLearning) podamos brindarle a los estudiantes contenidos que faciliten la interactividad y mejoren la comunicaci\u00f3n.<\/p>\n<\/div>\n<\/div>\n<div class=\"tutor-course-details-widget tutor-course-details-widget-col-2 tutor-mt-lg-50 tutor-mt-32\">\n<h3 class=\"tutor-course-details-widget-title tutor-fs-5 tutor-fw-bold tutor-color-black tutor-mb-16\">Aspectos que aprenderas:<\/h3>\n<ul class=\"tutor-course-details-widget-list tutor-color-black tutor-fs-6 tutor-m-0 tutor-mt-16\">\n<li class=\"tutor-d-flex tutor-mb-12\">Identificar los modelos pedag\u00f3gicos que te permitan integrar tecnolog\u00eda educativa durante el desarrollo de la clase.<\/li>\n<li class=\"tutor-d-flex tutor-mb-12\">Identificar los componentes de los nuevos entornos de aprendizaje.<\/li>\n<li class=\"tutor-d-flex tutor-mb-12\">Estategias para implementar t\u00e9cnicas de Storytelling para el desarrollo del contenido.<\/li>\n<li class=\"tutor-d-flex tutor-mb-12\">Conocer c\u00f3mo funciona la gamificaci\u00f3 y c\u00f3mo implementarlo en el salon de clase.<\/li>\n<li class=\"tutor-d-flex tutor-mb-12\">Identificar herramientas para generar interactividad con los estudiantes.<\/li>\n<li class=\"tutor-d-flex tutor-mb-12\">Conocer sobre las plataformas LMS tu centro de distribuci\u00f3n de contenido para los estudiantes.<\/li>\n<\/ul>\n<p><strong>Contenido<\/strong>:<\/p>\n<p><strong>Modelos de Aprendizajes y Dise\u00f1os Instruccionales<\/strong><\/p>\n<ul>\n<li>Modelos de Aprendizajes<\/li>\n<li>Modelo de Aprendizaje TPACK<\/li>\n<li>Estrategia de Blended-Learning<\/li>\n<li>5 Principios para elaboraci\u00f3n de Dise\u00f1os Instruccionales que no deben faltar<\/li>\n<li>Metodologia de las 4C<\/li>\n<\/ul>\n<p><strong>Storytelling en la Educaci\u00f3n<\/strong><\/p>\n<ul>\n<li>\u00bfQu\u00e9 es la Narrativa Digital?<\/li>\n<li>Los Secretos de los Storytellers<\/li>\n<li>Los 9 M\u00e9todos de Ense\u00f1anza de Jes\u00fas<\/li>\n<\/ul>\n<p><strong>Entornos Virtuales de Aprendizaje<\/strong><\/p>\n<ul>\n<li>El nuevo Sal\u00f3n de Clase<\/li>\n<li>Primeros pasos &#8211; CANVAS LMS<\/li>\n<li>Aplicaci\u00f3n Movil &#8211; CANVAS LMS<\/li>\n<li>Primeros Pasos &#8211; Google Classroom<\/li>\n<li>Plataformas LMS &#8211; Indicadores Importantes<\/li>\n<li>Formaci\u00f3n de Competencias en Entornos Virtuales<\/li>\n<\/ul>\n<p><strong>Creaci\u00f3n de Contenido<\/strong><\/p>\n<ul>\n<li>Introducci\u00f3n a SCORM<\/li>\n<li>Creaci\u00f3n de Contenido &#8211; SCORM<\/li>\n<li>Creaci\u00f3n de Contenido &#8211; NearPod<\/li>\n<li>Integraci\u00f3n de Contenidos a tu LMS<\/li>\n<li>Realizaci\u00f3n de Paseos Virtuales<\/li>\n<\/ul>\n<p><strong>Usando Pizarras Digitales<\/strong><\/p>\n<ul>\n<li>Usando Classroomscreen<\/li>\n<li>Usando Whiteboard.fi<\/li>\n<li>Usando Jamboard<\/li>\n<\/ul>\n<p><strong>Desarrollando la Creatividad<\/strong><\/p>\n<ul>\n<li>Usando Book Creator<\/li>\n<li>Introducci\u00f3n a CANVA<\/li>\n<\/ul>\n<p><strong>Herramientas para Creaci\u00f3n de Videos<\/strong><\/p>\n<ul>\n<li>Usando Loom<\/li>\n<li>Otras alternativas<\/li>\n<\/ul>\n<p><strong>Implementando Gamificaci\u00f3n<\/strong><\/p>\n<ul>\n<li>\u00a0Usando Kahoot<\/li>\n<li>Juegos en IsEasy Autor<\/li>\n<\/ul>\n<p><strong>IMPORTANTE<\/strong> &#8211; Todos los entrenamientos cuentan con soporte asistencial para apoyarte en tu entornos de aprendizaje.<\/p>\n<\/div>\n","protected":false},"excerpt":{"rendered":"<p>Este entrenamiento esta dirigido a toda la comunidad acad\u00e9mica, en donde estaremos cubriendo temas sobre metodolog\u00eda para desarrollar la docencia<\/p>\n","protected":false},"featured_media":7493,"comment_status":"open","ping_status":"closed","template":"","meta":{"content-type":""},"product_brand":[],"product_cat":[97,98,91],"product_tag":[160,159,161,163,162],"class_list":{"0":"post-7492","1":"product","2":"type-product","3":"status-publish","4":"has-post-thumbnail","6":"product_cat-educacion","7":"product_cat-elearning","8":"product_cat-online-training","9":"product_tag-desarrollo-de-contenido-academico","10":"product_tag-elearning","11":"product_tag-lms","12":"product_tag-profesores","13":"product_tag-storytelling","15":"first","16":"instock","17":"virtual","18":"sold-individually","19":"purchasable","20":"product-type-simple"},"_links":{"self":[{"href":"https:\/\/walternavarrete.com\/academy\/wp-json\/wp\/v2\/product\/7492","targetHints":{"allow":["GET"]}}],"collection":[{"href":"https:\/\/walternavarrete.com\/academy\/wp-json\/wp\/v2\/product"}],"about":[{"href":"https:\/\/walternavarrete.com\/academy\/wp-json\/wp\/v2\/types\/product"}],"replies":[{"embeddable":true,"href":"https:\/\/walternavarrete.com\/academy\/wp-json\/wp\/v2\/comments?post=7492"}],"wp:featuredmedia":[{"embeddable":true,"href":"https:\/\/walternavarrete.com\/academy\/wp-json\/wp\/v2\/media\/7493"}],"wp:attachment":[{"href":"https:\/\/walternavarrete.com\/academy\/wp-json\/wp\/v2\/media?parent=7492"}],"wp:term":[{"taxonomy":"product_brand","embeddable":true,"href":"https:\/\/walternavarrete.com\/academy\/wp-json\/wp\/v2\/product_brand?post=7492"},{"taxonomy":"product_cat","embeddable":true,"href":"https:\/\/walternavarrete.com\/academy\/wp-json\/wp\/v2\/product_cat?post=7492"},{"taxonomy":"product_tag","embeddable":true,"href":"https:\/\/walternavarrete.com\/academy\/wp-json\/wp\/v2\/product_tag?post=7492"}],"curies":[{"name":"wp","href":"https:\/\/api.w.org\/{rel}","templated":true}]}}