{"id":7422,"date":"2023-05-30T11:29:29","date_gmt":"2023-05-30T17:29:29","guid":{"rendered":"https:\/\/walternavarrete.com\/academy\/?post_type=product&#038;p=7422"},"modified":"2026-01-06T15:33:51","modified_gmt":"2026-01-06T21:33:51","slug":"arquitecto-en-infraestructura-it","status":"publish","type":"product","link":"https:\/\/walternavarrete.com\/academy\/product\/arquitecto-en-infraestructura-it\/","title":{"rendered":"Arquitecto en Infraestructura IT"},"content":{"rendered":"<p>El contenido de este entrenamiento est\u00e1 enfocado en preparar a personal comercial-t\u00e9cnico, administradores de sistemas, operadores de soporte t\u00e9cnico; en donde se abordar\u00e1n aspectos sobre el dise\u00f1o y configuraci\u00f3n de soluciones de infraestructura, lo que incluye c\u00f3mo realizar el dimensionamiento de servidores, sistemas de almacenamiento SAN y NAS, de igual forma se estar\u00e1 cubriendo los aspectos b\u00e1sicos de virtualizaci\u00f3n de sistemas bajo escenarios de alta disponibilidad.<\/p>\n<p><strong>Aspestos que aprenderas:<\/strong><\/p>\n<p><strong>Introducci\u00f3n a la Gesti\u00f3n de Servicios en Tecnolog\u00eda<\/strong><\/p>\n<ul>\n<li>Administraci\u00f3n de servicios en Tecnolog\u00edas de Informaci\u00f3n<\/li>\n<li>Alineaci\u00f3n con los objetivos del negocio<\/li>\n<\/ul>\n<p><strong>Mejores pr\u00e1cticas para la Gesti\u00f3n de Servicios en Tecnolog\u00eda<\/strong><\/p>\n<ul>\n<li>IT es Servicio<\/li>\n<li>Introducci\u00f3n a ITIL\n<ul>\n<li>Quickwins que puedes implementar en ITIL<\/li>\n<\/ul>\n<\/li>\n<li>Comparaci\u00f3n entre ITIL v2 y 4<\/li>\n<\/ul>\n<p><strong>Identificando la Infraestructura de C\u00f3mputo Adecuada (Servidores)<\/strong><\/p>\n<ul>\n<li>Tipos de Servidores<\/li>\n<li>Administraci\u00f3n Remota de Servidores (iLO, iDRAC, etc.)<\/li>\n<li>Configurando y un Servidor<\/li>\n<li>Servidores Convergentes (Blade Servers)<\/li>\n<li>An\u00e1lisis de Rendimiento<\/li>\n<li>Monitoero de Aplicaciones e Infraestructura<\/li>\n<\/ul>\n<p>Sistemas de Almacenamiento Empresarial<\/p>\n<ul>\n<li>Introducci\u00f3n a Sistemas de Almacenamiento Empresarial<\/li>\n<li>Sistemas de Almacenamiento DAS (Direct Attached Storage)<\/li>\n<li>Sistemas de Almacenamiento NAS (Network Attached Storage)<\/li>\n<li>Sistemas de Almacenamiento SAN (Storage Area Networks)<\/li>\n<li>Sistemas de Almacenamiento NAS basados en Software<\/li>\n<li>Consideraciones para Dimensionar una SAN<\/li>\n<li>Caracter\u00edsticas Avanzadas en Sistemas de Almacenamiento<\/li>\n<li>DEMO &#8211; Dimensionamiento de un HPE Alletra 6030<\/li>\n<li>LAB Interactivo &#8211; Dell PowerStore<\/li>\n<li>Sistemas de Hiperconvergencia (HCI)<\/li>\n<li>DEMO &#8211; Nutanix (HCI &#8211; Solution)<\/li>\n<\/ul>\n<p><strong>Estableciendo la Infraestructura de Red<\/strong><\/p>\n<ul>\n<li>Identificando los Requerimientos de Red por Implementar<\/li>\n<li>Conectividad de Servidores en el Data Center<\/li>\n<li>LAB Interactivo &#8211; Configuraci\u00f3n Dell SmartFabric<\/li>\n<li>Aplicaciones y Conectividad Externa<\/li>\n<li>LAB &#8211; Configurando un Firewall Fortinet<\/li>\n<li>Conectividad de usuarios<\/li>\n<li>Dise\u00f1o Conceptual de la Red<\/li>\n<li>Redes Inal\u00e1mbricas<\/li>\n<\/ul>\n<p><strong>Alternativas de Alta Disponibilidad<\/strong><\/p>\n<ul>\n<li>Manejando los Conceptos de Alta Disponiblidad<\/li>\n<li>Definici\u00f3n de Alta Disponibilidad<\/li>\n<li>Aspectos y Configuraciones que brindan Alta Disponibilidad<\/li>\n<li>Dise\u00f1o del Data Center (Introducci\u00f3n a Normativa TIA942)<\/li>\n<\/ul>\n<p><strong>Planificaci\u00f3n de un Sistema de Respaldo<\/strong><\/p>\n<ul>\n<li>Cuando Creemos tener Todo bajo Control<\/li>\n<li>Identificando Alternativas de Respaldo<\/li>\n<li>Elementos de una Pol\u00edtica de Respaldo<\/li>\n<li>Components de una Infraestructura de Respaldo<\/li>\n<li>Protecci\u00f3n contra Ransomware<\/li>\n<\/ul>\n<p>Continuidad de Negocio y Recuperaci\u00f3n ante Desastres<\/p>\n<ul>\n<li>Buscando garantizar la Continuidad del Negocio<\/li>\n<li>Creaci\u00f3n de un Sitio de Respaldo<\/li>\n<li>DEMO &#8211; Creaci\u00f3n de un Sitio de Respaldo con VMWARE SRM (Site Recovery Manager)<\/li>\n<li>DEMO &#8211; Creaci\u00f3n de un Sitio de Respaldo con VEEAM DISASTER RECOVERY ORCHESTRATOR<\/li>\n<li>Planificaci\u00f3n de un Plan de Recuperaci\u00f3n ante Desastres (DRP)<\/li>\n<li>Plantillas para la elaboraci\u00f3n de un DRP<\/li>\n<\/ul>\n<p><strong>IMPORTANTE<\/strong> &#8211; Todos nuestros cursos cuentan con soporte t\u00e9cnico para apoyarte en tus implementaciones o aclaraci\u00f3n sobre algunos temas.<\/p>\n","protected":false},"excerpt":{"rendered":"<p>El contenido de este entrenamiento est\u00e1 enfocado en preparar a personal comercial-t\u00e9cnico, administradores de sistemas, operadores de soporte t\u00e9cnico; en<\/p>\n","protected":false},"featured_media":7686,"comment_status":"open","ping_status":"closed","template":"","meta":{"content-type":""},"product_brand":[],"product_cat":[94,95,117,118,91,101,102],"product_tag":[131,132,129,130,133],"class_list":{"0":"post-7422","1":"product","2":"type-product","3":"status-publish","4":"has-post-thumbnail","6":"product_cat-aws","7":"product_cat-azure","8":"product_cat-backup-strategy","9":"product_cat-contingency","10":"product_cat-online-training","11":"product_cat-tecnologia","12":"product_cat-virtualizacion","13":"product_tag-contingency","14":"product_tag-disaster-recovery","15":"product_tag-itil","16":"product_tag-server-configuration","17":"product_tag-storage-systems","19":"first","20":"instock","21":"virtual","22":"sold-individually","23":"purchasable","24":"product-type-simple"},"_links":{"self":[{"href":"https:\/\/walternavarrete.com\/academy\/wp-json\/wp\/v2\/product\/7422","targetHints":{"allow":["GET"]}}],"collection":[{"href":"https:\/\/walternavarrete.com\/academy\/wp-json\/wp\/v2\/product"}],"about":[{"href":"https:\/\/walternavarrete.com\/academy\/wp-json\/wp\/v2\/types\/product"}],"replies":[{"embeddable":true,"href":"https:\/\/walternavarrete.com\/academy\/wp-json\/wp\/v2\/comments?post=7422"}],"wp:featuredmedia":[{"embeddable":true,"href":"https:\/\/walternavarrete.com\/academy\/wp-json\/wp\/v2\/media\/7686"}],"wp:attachment":[{"href":"https:\/\/walternavarrete.com\/academy\/wp-json\/wp\/v2\/media?parent=7422"}],"wp:term":[{"taxonomy":"product_brand","embeddable":true,"href":"https:\/\/walternavarrete.com\/academy\/wp-json\/wp\/v2\/product_brand?post=7422"},{"taxonomy":"product_cat","embeddable":true,"href":"https:\/\/walternavarrete.com\/academy\/wp-json\/wp\/v2\/product_cat?post=7422"},{"taxonomy":"product_tag","embeddable":true,"href":"https:\/\/walternavarrete.com\/academy\/wp-json\/wp\/v2\/product_tag?post=7422"}],"curies":[{"name":"wp","href":"https:\/\/api.w.org\/{rel}","templated":true}]}}