{"id":11508,"date":"2025-09-15T16:11:37","date_gmt":"2025-09-15T22:11:37","guid":{"rendered":"https:\/\/walternavarrete.com\/academy\/?post_type=product&#038;p=11508"},"modified":"2025-09-20T11:15:09","modified_gmt":"2025-09-20T17:15:09","slug":"itil-4-foundation","status":"publish","type":"product","link":"https:\/\/walternavarrete.com\/academy\/product\/itil-4-foundation\/","title":{"rendered":"ITIL 4 Fundamentals: Mastering Service Management Essentials"},"content":{"rendered":"<p>Descubre los principios b\u00e1sicos de la gesti\u00f3n moderna de servicios de TI en este entrenamiento &#8220;Fundamentos de ITIL 4: Dominando los Fundamentos de la Gesti\u00f3n de Servicios&#8221;. Este curso est\u00e1 dise\u00f1ado para proporcionarte los conocimientos y las habilidades fundamentales necesarios para gestionar y prestar eficazmente servicios de TI de alta calidad que se ajusten a las necesidades y objetivos de su organizaci\u00f3n.<\/p>\n<p>Al finalizar este curso, estar\u00e1s preparado para implementar los principios de ITIL 4 en su organizaci\u00f3n, lo que se traducir\u00e1 en una mejor prestaci\u00f3n de servicios, la satisfacci\u00f3n del cliente y los resultados empresariales.<\/p>\n","protected":false},"excerpt":{"rendered":"<p>Todas las organizaciones que deseen optimizar la administraci\u00f3n de servicios y alinear los esfuerzos con los objetivos de la organizaci\u00f3n en la busqueda de la creaci\u00f3n de valor a trav\u00e9s de la optimizaci\u00f3n de los servicios y productos hacia los clientes y usuarios.<\/p>\n","protected":false},"featured_media":11317,"comment_status":"open","ping_status":"closed","template":"","meta":{"content-type":""},"product_brand":[],"product_cat":[101],"product_tag":[185,184],"class_list":{"0":"post-11508","1":"product","2":"type-product","3":"status-publish","4":"has-post-thumbnail","6":"product_cat-tecnologia","7":"product_tag-it-best-practices","8":"product_tag-itil-4","10":"first","11":"instock","12":"sold-individually","13":"shipping-taxable","14":"purchasable","15":"product-type-simple"},"_links":{"self":[{"href":"https:\/\/walternavarrete.com\/academy\/wp-json\/wp\/v2\/product\/11508","targetHints":{"allow":["GET"]}}],"collection":[{"href":"https:\/\/walternavarrete.com\/academy\/wp-json\/wp\/v2\/product"}],"about":[{"href":"https:\/\/walternavarrete.com\/academy\/wp-json\/wp\/v2\/types\/product"}],"replies":[{"embeddable":true,"href":"https:\/\/walternavarrete.com\/academy\/wp-json\/wp\/v2\/comments?post=11508"}],"wp:featuredmedia":[{"embeddable":true,"href":"https:\/\/walternavarrete.com\/academy\/wp-json\/wp\/v2\/media\/11317"}],"wp:attachment":[{"href":"https:\/\/walternavarrete.com\/academy\/wp-json\/wp\/v2\/media?parent=11508"}],"wp:term":[{"taxonomy":"product_brand","embeddable":true,"href":"https:\/\/walternavarrete.com\/academy\/wp-json\/wp\/v2\/product_brand?post=11508"},{"taxonomy":"product_cat","embeddable":true,"href":"https:\/\/walternavarrete.com\/academy\/wp-json\/wp\/v2\/product_cat?post=11508"},{"taxonomy":"product_tag","embeddable":true,"href":"https:\/\/walternavarrete.com\/academy\/wp-json\/wp\/v2\/product_tag?post=11508"}],"curies":[{"name":"wp","href":"https:\/\/api.w.org\/{rel}","templated":true}]}}