{"id":10800,"date":"2025-01-03T15:44:33","date_gmt":"2025-01-03T21:44:33","guid":{"rendered":"https:\/\/walternavarrete.com\/academy\/?post_type=product&#038;p=10800"},"modified":"2025-01-03T15:45:23","modified_gmt":"2025-01-03T21:45:23","slug":"aws-cloud-architecting","status":"publish","type":"product","link":"https:\/\/walternavarrete.com\/academy\/product\/aws-cloud-architecting\/","title":{"rendered":"AWS Cloud Architecting"},"content":{"rendered":"<p>El entrenamiento de AWS Cloud Architecting cubre las bases esenciales para la creaci\u00f3n de una infraestructura y soluciones en la nube de Amazon Web Services (AWS), los participantes contar\u00e1n con acceso a laboratorios, evaluaciones y estar\u00e1n recibiendo un Badge Digital al completar el curso.<\/p>\n<p>Los participantes estar\u00e1n conociendo sobre los principios de dise\u00f1o de arquitecturas de aplicaciones en nube, adicional a varios patrones de dise\u00f1o que ayudar\u00e1n para que dirate el proceso de elaboraci\u00f3n de una nueva arquitectura se pueda evaluar la aplicaci\u00f3n de todos los principios requeridos.<\/p>\n","protected":false},"excerpt":{"rendered":"<p>El entrenamiento de AWS Cloud Architecting cubre las bases esenciales para la creaci\u00f3n de una infraestructura y soluciones en la<\/p>\n","protected":false},"featured_media":0,"comment_status":"open","ping_status":"closed","template":"","meta":{"content-type":""},"product_brand":[],"product_cat":[15],"product_tag":[],"class_list":{"0":"post-10800","1":"product","2":"type-product","3":"status-publish","5":"product_cat-uncategorized","7":"first","8":"instock","9":"virtual","10":"sold-individually","11":"purchasable","12":"product-type-simple"},"_links":{"self":[{"href":"https:\/\/walternavarrete.com\/academy\/wp-json\/wp\/v2\/product\/10800","targetHints":{"allow":["GET"]}}],"collection":[{"href":"https:\/\/walternavarrete.com\/academy\/wp-json\/wp\/v2\/product"}],"about":[{"href":"https:\/\/walternavarrete.com\/academy\/wp-json\/wp\/v2\/types\/product"}],"replies":[{"embeddable":true,"href":"https:\/\/walternavarrete.com\/academy\/wp-json\/wp\/v2\/comments?post=10800"}],"wp:attachment":[{"href":"https:\/\/walternavarrete.com\/academy\/wp-json\/wp\/v2\/media?parent=10800"}],"wp:term":[{"taxonomy":"product_brand","embeddable":true,"href":"https:\/\/walternavarrete.com\/academy\/wp-json\/wp\/v2\/product_brand?post=10800"},{"taxonomy":"product_cat","embeddable":true,"href":"https:\/\/walternavarrete.com\/academy\/wp-json\/wp\/v2\/product_cat?post=10800"},{"taxonomy":"product_tag","embeddable":true,"href":"https:\/\/walternavarrete.com\/academy\/wp-json\/wp\/v2\/product_tag?post=10800"}],"curies":[{"name":"wp","href":"https:\/\/api.w.org\/{rel}","templated":true}]}}