{"id":10676,"date":"2025-01-03T13:51:05","date_gmt":"2025-01-03T19:51:05","guid":{"rendered":"https:\/\/walternavarrete.com\/academy\/?post_type=product&#038;p=10676"},"modified":"2025-01-03T15:45:36","modified_gmt":"2025-01-03T21:45:36","slug":"aws-cloud-operations","status":"publish","type":"product","link":"https:\/\/walternavarrete.com\/academy\/product\/aws-cloud-operations\/","title":{"rendered":"AWS Cloud Operations"},"content":{"rendered":"<p>Este entrenamiento de AWS Cloud Operations est\u00e1 dise\u00f1ado para preparar a los pariticipantes para ingresar al soporte de DevOps y roles de operacion en nube. Tambi\u00e9n este curso es la base de preparaci\u00f2n para optar por la certificaci\u00f3n AWS SysOps Administrator examen de asociado.<\/p>\n<p>Tendr\u00e1s acceso a laboratorios de pr\u00e1cticas, evaluaciones y acceso a la consola de AWS para realizaci\u00f3n de ejercicios reales.<\/p>\n","protected":false},"excerpt":{"rendered":"<p>Este entrenamiento de AWS Cloud Operations est\u00e1 dise\u00f1ado para preparar a los pariticipantes para ingresar al soporte de DevOps y<\/p>\n","protected":false},"featured_media":10675,"comment_status":"open","ping_status":"closed","template":"","meta":{"content-type":""},"product_brand":[],"product_cat":[15],"product_tag":[134,169,136],"class_list":{"0":"post-10676","1":"product","2":"type-product","3":"status-publish","4":"has-post-thumbnail","6":"product_cat-uncategorized","7":"product_tag-aws","8":"product_tag-aws-sysops-admin","9":"product_tag-cloud-computing","11":"first","12":"instock","13":"virtual","14":"sold-individually","15":"purchasable","16":"product-type-simple"},"_links":{"self":[{"href":"https:\/\/walternavarrete.com\/academy\/wp-json\/wp\/v2\/product\/10676","targetHints":{"allow":["GET"]}}],"collection":[{"href":"https:\/\/walternavarrete.com\/academy\/wp-json\/wp\/v2\/product"}],"about":[{"href":"https:\/\/walternavarrete.com\/academy\/wp-json\/wp\/v2\/types\/product"}],"replies":[{"embeddable":true,"href":"https:\/\/walternavarrete.com\/academy\/wp-json\/wp\/v2\/comments?post=10676"}],"wp:featuredmedia":[{"embeddable":true,"href":"https:\/\/walternavarrete.com\/academy\/wp-json\/wp\/v2\/media\/10675"}],"wp:attachment":[{"href":"https:\/\/walternavarrete.com\/academy\/wp-json\/wp\/v2\/media?parent=10676"}],"wp:term":[{"taxonomy":"product_brand","embeddable":true,"href":"https:\/\/walternavarrete.com\/academy\/wp-json\/wp\/v2\/product_brand?post=10676"},{"taxonomy":"product_cat","embeddable":true,"href":"https:\/\/walternavarrete.com\/academy\/wp-json\/wp\/v2\/product_cat?post=10676"},{"taxonomy":"product_tag","embeddable":true,"href":"https:\/\/walternavarrete.com\/academy\/wp-json\/wp\/v2\/product_tag?post=10676"}],"curies":[{"name":"wp","href":"https:\/\/api.w.org\/{rel}","templated":true}]}}