{"id":10473,"date":"2024-11-18T19:58:56","date_gmt":"2024-11-19T01:58:56","guid":{"rendered":"https:\/\/walternavarrete.com\/academy\/?post_type=product&#038;p=10473"},"modified":"2024-11-18T20:03:07","modified_gmt":"2024-11-19T02:03:07","slug":"ciberseguridad-y-continuidad-de-negocio","status":"publish","type":"product","link":"https:\/\/walternavarrete.com\/academy\/product\/ciberseguridad-y-continuidad-de-negocio\/","title":{"rendered":"Ciberseguridad y Continuidad de Negocio"},"content":{"rendered":"<p><strong>DESCRIPCI\u00d3N: <\/strong><\/p>\n<p>Este es un seminario enfocado en brindar a los participantes una actualizaci\u00f3n sobre los nuevos aspectos relacionados a CyberSeguridad que est\u00e1n afectando las operaciones del negocio y c\u00f3mo la modernizaci\u00f3n en la preparaci\u00f3n de planes de contingencia ayuda a garantizar la continuidad de las operaciones para evitar las implicaciones legales o de imagen que generan estos resultados.<\/p>\n<p><strong>DIRIGIDO: <\/strong><\/p>\n<p>Profesionales en el \u00e1rea de tecnolog\u00edas de informaci\u00f3n, directores o gerentes de tecnolog\u00eda, administradores de sistemas, personal de soporte t\u00e9cnico, coordinadores de soporte y personal comercial t\u00e9cnico.<\/p>\n<p><strong>CONTENIDO: <\/strong><\/p>\n<p><strong>Modulo 1 <\/strong><strong>\u2013<\/strong><strong> Tipos de Riesgos y Ataques Tecnol\u00f3gicos<\/strong><\/p>\n<ul>\n<li>La motivaci\u00f3n y psicolog\u00eda del atacante<\/li>\n<li>T\u00e1cticas y t\u00e9cnicas del ciber atacante<\/li>\n<li>M\u00e9todos est\u00e1ndares utilizados por el ciber atacante<\/li>\n<li>Anatomia de un ataque de Ransomware<\/li>\n<\/ul>\n<p><strong>Modulo 2 \u2013 La importancia de implementar controles de seguridad de la Informaci\u00f3n<\/strong><\/p>\n<ul>\n<li>An\u00e1lisis de Impacto al Negocio (BIA) la base de todo<\/li>\n<li>La selecci\u00f3n de un est\u00e1ndar de seguridad ISO27001, PCI, SOX<\/li>\n<li>Viviendo una cultura de seguridad<\/li>\n<li>Gesti\u00f3n de Incidentes<\/li>\n<li>Implicaciones legales, de reputaci\u00f3n e imagen<\/li>\n<\/ul>\n<p><strong>Modulo 3 \u2013 Continuidad y Recuperaci\u00f3n ante Desastres<\/strong><\/p>\n<ul>\n<li>Lo b\u00e1sico \u2026. Contar con una pol\u00edtica de respaldoIndicadores importantes RTO y RPO<\/li>\n<li>Plan de Continuidad (BCP \u2013 Business Cotinuity Plan)<\/li>\n<li>Aspectos m\u00ednimos que se deben de incluir<\/li>\n<li>Plan de Recuperaci\u00f3n ante Desastres (DRP \u2013 Disaster Recovery Plan)<\/li>\n<li>Consideraciones importantes de un DRP<\/li>\n<li>Pruebas de recuperaci\u00f3n<\/li>\n<li>Identificaci\u00f3n de plataformas cr\u00edticas cubiertas<\/li>\n<\/ul>\n<p><strong>Entregables<\/strong>:<\/p>\n<ul>\n<li>Informaci\u00f3n sobre Anatomia de un Ataque de Ransomware<\/li>\n<li>Documentaci\u00f3n sobre los controles de la ISO27001<\/li>\n<li>Documentaci\u00f3n sobre controles NIST<\/li>\n<li>Muchas referencias de herramientas<\/li>\n<\/ul>\n<p><strong>Duraci\u00f3n<\/strong>: 4 horas<br \/>\n<strong>Fecha<\/strong>: 30-Noviembre<br \/>\n<strong>Horario<\/strong>: 8am a 12md<\/p>\n","protected":false},"excerpt":{"rendered":"<p>DESCRIPCI\u00d3N: Este es un seminario enfocado en brindar a los participantes una actualizaci\u00f3n sobre los nuevos aspectos relacionados a CyberSeguridad<\/p>\n","protected":false},"featured_media":10474,"comment_status":"open","ping_status":"closed","template":"","meta":{"content-type":""},"product_brand":[],"product_cat":[117,118,146,101],"product_tag":[147,132,168],"class_list":{"0":"post-10473","1":"product","2":"type-product","3":"status-publish","4":"has-post-thumbnail","6":"product_cat-backup-strategy","7":"product_cat-contingency","8":"product_cat-cybersecurity","9":"product_cat-tecnologia","10":"product_tag-cybersecurity","11":"product_tag-disaster-recovery","12":"product_tag-ransomware","14":"first","15":"instock","16":"sale","17":"virtual","18":"purchasable","19":"product-type-simple"},"_links":{"self":[{"href":"https:\/\/walternavarrete.com\/academy\/wp-json\/wp\/v2\/product\/10473","targetHints":{"allow":["GET"]}}],"collection":[{"href":"https:\/\/walternavarrete.com\/academy\/wp-json\/wp\/v2\/product"}],"about":[{"href":"https:\/\/walternavarrete.com\/academy\/wp-json\/wp\/v2\/types\/product"}],"replies":[{"embeddable":true,"href":"https:\/\/walternavarrete.com\/academy\/wp-json\/wp\/v2\/comments?post=10473"}],"wp:featuredmedia":[{"embeddable":true,"href":"https:\/\/walternavarrete.com\/academy\/wp-json\/wp\/v2\/media\/10474"}],"wp:attachment":[{"href":"https:\/\/walternavarrete.com\/academy\/wp-json\/wp\/v2\/media?parent=10473"}],"wp:term":[{"taxonomy":"product_brand","embeddable":true,"href":"https:\/\/walternavarrete.com\/academy\/wp-json\/wp\/v2\/product_brand?post=10473"},{"taxonomy":"product_cat","embeddable":true,"href":"https:\/\/walternavarrete.com\/academy\/wp-json\/wp\/v2\/product_cat?post=10473"},{"taxonomy":"product_tag","embeddable":true,"href":"https:\/\/walternavarrete.com\/academy\/wp-json\/wp\/v2\/product_tag?post=10473"}],"curies":[{"name":"wp","href":"https:\/\/api.w.org\/{rel}","templated":true}]}}