{"id":10453,"date":"2024-10-02T12:35:49","date_gmt":"2024-10-02T18:35:49","guid":{"rendered":"https:\/\/walternavarrete.com\/academy\/?post_type=product&#038;p=10453"},"modified":"2024-10-02T12:37:33","modified_gmt":"2024-10-02T18:37:33","slug":"administracion-de-servicios-e-infraestructura-en-tecnologia","status":"publish","type":"product","link":"https:\/\/walternavarrete.com\/academy\/product\/administracion-de-servicios-e-infraestructura-en-tecnologia\/","title":{"rendered":"Administraci\u00f3n de Servicios e Infraestructura en Tecnolog\u00eda"},"content":{"rendered":"<p>El contenido de este entrenamiento est\u00e1 enfocado en preparar a personal comercial-t\u00e9cnico, administradores de sistemas, operadores de soporte t\u00e9cnico; en donde se abordar\u00e1n aspectos sobre el dise\u00f1o y consideraciones en las configuraciones de soluciones de infraestructur que incluye elementos como la identificaci\u00f3n del servidor m\u00e1s adecuado seg\u00fan las cargas de trabajo, el sistema de almacenamiento, lo relacionado con la conectividad y red, ad\u00ed como finalmente los aspectos b\u00e1sicos de virtualizaci\u00f3n de sistemas y la importancia de considerar escenarios de alta disponibilidad.<\/p>\n","protected":false},"excerpt":{"rendered":"<p>El contenido de este entrenamiento est\u00e1 enfocado en preparar a personal comercial-t\u00e9cnico, administradores de sistemas, operadores de soporte t\u00e9cnico; en<\/p>\n","protected":false},"featured_media":10240,"comment_status":"open","ping_status":"closed","template":"","meta":{"content-type":""},"product_brand":[],"product_cat":[15],"product_tag":[],"class_list":{"0":"post-10453","1":"product","2":"type-product","3":"status-publish","4":"has-post-thumbnail","6":"product_cat-uncategorized","8":"first","9":"instock","10":"virtual","11":"sold-individually","12":"purchasable","13":"product-type-simple"},"_links":{"self":[{"href":"https:\/\/walternavarrete.com\/academy\/wp-json\/wp\/v2\/product\/10453","targetHints":{"allow":["GET"]}}],"collection":[{"href":"https:\/\/walternavarrete.com\/academy\/wp-json\/wp\/v2\/product"}],"about":[{"href":"https:\/\/walternavarrete.com\/academy\/wp-json\/wp\/v2\/types\/product"}],"replies":[{"embeddable":true,"href":"https:\/\/walternavarrete.com\/academy\/wp-json\/wp\/v2\/comments?post=10453"}],"wp:featuredmedia":[{"embeddable":true,"href":"https:\/\/walternavarrete.com\/academy\/wp-json\/wp\/v2\/media\/10240"}],"wp:attachment":[{"href":"https:\/\/walternavarrete.com\/academy\/wp-json\/wp\/v2\/media?parent=10453"}],"wp:term":[{"taxonomy":"product_brand","embeddable":true,"href":"https:\/\/walternavarrete.com\/academy\/wp-json\/wp\/v2\/product_brand?post=10453"},{"taxonomy":"product_cat","embeddable":true,"href":"https:\/\/walternavarrete.com\/academy\/wp-json\/wp\/v2\/product_cat?post=10453"},{"taxonomy":"product_tag","embeddable":true,"href":"https:\/\/walternavarrete.com\/academy\/wp-json\/wp\/v2\/product_tag?post=10453"}],"curies":[{"name":"wp","href":"https:\/\/api.w.org\/{rel}","templated":true}]}}