{"id":10286,"date":"2024-06-06T15:55:38","date_gmt":"2024-06-06T21:55:38","guid":{"rendered":"https:\/\/walternavarrete.com\/academy\/?post_type=product&#038;p=10286"},"modified":"2025-01-03T13:52:23","modified_gmt":"2025-01-03T19:52:23","slug":"administracion-de-windows-server","status":"publish","type":"product","link":"https:\/\/walternavarrete.com\/academy\/product\/administracion-de-windows-server\/","title":{"rendered":"Administraci\u00f3n Microsoft Windows Server"},"content":{"rendered":"<p>Aprende a administrar una red basada en servidores Microsoft y los servicios m\u00e1s importantes que t\u00edpicamente se implementan en las empresas, de igual forma aprende sobre c\u00f3mo funciona el licenciamiento de Windows Server y las implicaciones para el uso de licencias CAL (Client Access Licenses), administraci\u00f3n de recursos compartidos, instalaci\u00f3n y configuraci\u00f3n de Active Directory con sus Pol\u00edticas de Segiridad y muchos otros temas de inter\u00e9s.<\/p>\n<p>Los temas a desarrollar son:<\/p>\n<p><strong>Licenciamiento y Tipos de Roles o Funciones<\/strong><\/p>\n<ul>\n<li>Licenciamiento de Windows Server<\/li>\n<li>Tipos de Servidores (Stand Alone Server y Controladores de Dominio)<\/li>\n<\/ul>\n<p><strong>File and Storage Services<\/strong><\/p>\n<ul>\n<li>Administraci\u00f3n de File Servers y Cuotas de Espacio en disco para usuarios<\/li>\n<li>Redes de Almacenamiento basadas en iSCSI<\/li>\n<li>Administraci\u00f3n de Permisos &#8211; Share &amp; NTFS<\/li>\n<\/ul>\n<p><strong>Active Directory<\/strong><\/p>\n<ul>\n<li>Instalaci\u00f3n y Estructura L\u00f3gica y F\u00edsica del AD<\/li>\n<li>Agregando un segundo Controlador de Dominio<\/li>\n<li>Identificaci\u00f3n de Roles Funcionales (FSMO)<\/li>\n<li>Integraci\u00f3n de DNS con Active Directory<\/li>\n<\/ul>\n<p><strong>Gesti\u00f3n de Usuarios y Pol\u00edticas de Seguridad<\/strong><\/p>\n<ul>\n<li>Adici\u00f3n de Equipos al Dominio<\/li>\n<li>Estrategia de Creaci\u00f3n de Usuarios y Grupos<\/li>\n<li>Auditando Active Directory con ManageEngine ADAudit Plus<\/li>\n<li>Unidades ORganizativas y Pol\u00edticas de Seguridad<\/li>\n<li>Pol\u00edticas de Seguridad de Com\u00fan Implementaci\u00f3n<\/li>\n<\/ul>\n<p><strong>Servicios de Red (Networking)<\/strong><\/p>\n<ul>\n<li>Implementaci\u00f3n de un DHCP Server<\/li>\n<li>Implementaci\u00f3n de Windows Server Update Server (WSUS)<\/li>\n<li>Pol\u00edtica (GPO) para WSUS<\/li>\n<\/ul>\n<p><strong>Virtualizaci\u00f3n y RDS (Remote Desktop Services)<\/strong><\/p>\n<ul>\n<li>Fundamentos sobre Hyper-v<\/li>\n<li>Servicio de RDS (Remote Desktop Services)<\/li>\n<li>Print and Document Services<\/li>\n<\/ul>\n<p><strong>IMPORTANTE<\/strong> &#8211; Para todos los entrenamientos contar\u00e1s con soporte t\u00e9cnico para poder apoyarte con tus implementaciones o ampliaci\u00f3n sobre algunos de los temas.<\/p>\n","protected":false},"excerpt":{"rendered":"<p>Aprende a administrar una red basada en servidores Microsoft y los servicios m\u00e1s importantes que t\u00edpicamente se implementan en las<\/p>\n","protected":false},"featured_media":10310,"comment_status":"open","ping_status":"closed","template":"","meta":{"content-type":""},"product_brand":[],"product_cat":[101,102],"product_tag":[120,121,122],"class_list":{"0":"post-10286","1":"product","2":"type-product","3":"status-publish","4":"has-post-thumbnail","6":"product_cat-tecnologia","7":"product_cat-virtualizacion","8":"product_tag-it-administration","9":"product_tag-windows-server","10":"product_tag-wsus","12":"first","13":"instock","14":"virtual","15":"sold-individually","16":"purchasable","17":"product-type-simple"},"_links":{"self":[{"href":"https:\/\/walternavarrete.com\/academy\/wp-json\/wp\/v2\/product\/10286","targetHints":{"allow":["GET"]}}],"collection":[{"href":"https:\/\/walternavarrete.com\/academy\/wp-json\/wp\/v2\/product"}],"about":[{"href":"https:\/\/walternavarrete.com\/academy\/wp-json\/wp\/v2\/types\/product"}],"replies":[{"embeddable":true,"href":"https:\/\/walternavarrete.com\/academy\/wp-json\/wp\/v2\/comments?post=10286"}],"wp:featuredmedia":[{"embeddable":true,"href":"https:\/\/walternavarrete.com\/academy\/wp-json\/wp\/v2\/media\/10310"}],"wp:attachment":[{"href":"https:\/\/walternavarrete.com\/academy\/wp-json\/wp\/v2\/media?parent=10286"}],"wp:term":[{"taxonomy":"product_brand","embeddable":true,"href":"https:\/\/walternavarrete.com\/academy\/wp-json\/wp\/v2\/product_brand?post=10286"},{"taxonomy":"product_cat","embeddable":true,"href":"https:\/\/walternavarrete.com\/academy\/wp-json\/wp\/v2\/product_cat?post=10286"},{"taxonomy":"product_tag","embeddable":true,"href":"https:\/\/walternavarrete.com\/academy\/wp-json\/wp\/v2\/product_tag?post=10286"}],"curies":[{"name":"wp","href":"https:\/\/api.w.org\/{rel}","templated":true}]}}