{"id":10187,"date":"2024-04-18T16:10:48","date_gmt":"2024-04-18T22:10:48","guid":{"rendered":"https:\/\/walternavarrete.com\/academy\/?post_type=product&#038;p=10187"},"modified":"2025-09-22T08:33:54","modified_gmt":"2025-09-22T14:33:54","slug":"taller-practico-veeam-backup-data-platform","status":"publish","type":"product","link":"https:\/\/walternavarrete.com\/academy\/product\/taller-practico-veeam-backup-data-platform\/","title":{"rendered":"Implementaci\u00f3n de una Estrategia de Respaldo y Contingencia con Veeam"},"content":{"rendered":"<p>Descubre los aspectos estrat\u00e9gicos sobre c\u00f3mo implementar una pol\u00edtica de respaldo y los componentes de hardware\/software que debes de considerar para lograr establecer una estrategia de r\u00e1pida recuperaci\u00f3n ya sea ante un siniestro o ahora contra un ataque de Ransomware.<\/p>\n<p><strong>Contenido<\/strong>:<\/p>\n<p><strong>Creando una Estrategia de Respaldo<\/strong><\/p>\n<ul>\n<li>Creaci\u00f3n de una Pol\u00edtica de Respaldo &#8211; Aspectos por Considerar<\/li>\n<li>Documentaci\u00f3n de una Pol\u00edtica de Respaldo<\/li>\n<li>Indicadores de Respaldo (KPI)<\/li>\n<li>Regla 3-2-1-1-0<\/li>\n<li>Funcionalidades de Veeam Data Platform<\/li>\n<\/ul>\n<p><strong>Esquema de Licenciaminto y Componentes de Veeam<\/strong><\/p>\n<ul>\n<li>Licenciamiento de Veeam<\/li>\n<li>Portal de Veeam y Calculadora de Capacidades<\/li>\n<li>Instalaci\u00f3n de Veeam y Complementos (Plugins)<\/li>\n<li>Paquetes de Veeam Data Platform<\/li>\n<li>Componentes de una Infrestructura de Respaldo<\/li>\n<\/ul>\n<p><strong>Implementaci\u00f3n e Integraci\u00f3n de Veeam<\/strong><\/p>\n<ul>\n<li>Componentes de la Consola<\/li>\n<li>Configuracion de notificaci\u00f3n de eventos<\/li>\n<li>Creaci\u00f3n y Configuraci\u00f3n de Repositorios de Respaldos<\/li>\n<li>Integraci\u00f3n con vCenter Server y Respaldo de Servidores Virtuales<\/li>\n<li>Respaldo y restauraci\u00f3n de Active Directory<\/li>\n<li>Respaldo y restauraci\u00f3n de Microsoft SQL Server<\/li>\n<li>Instalaci\u00f3n de Plug-in de RMAN para respaldo de Oracle<\/li>\n<li>Replicaci\u00f3n de Servidores Virtuales (VMWARE)<\/li>\n<\/ul>\n<p><strong>Implementaci\u00f3n de Continous Data Protection (CDP) y Monitoreo<\/strong><\/p>\n<ul>\n<li>Instalaci\u00f3n de los I\/O Filterrs en vCenter para Activaci\u00f3n de CDP (Continous Data Protection)<\/li>\n<li>Creaci\u00f3n de un Backup Copy (Copia de Respaldos)<\/li>\n<li>Creaci\u00f3n de un Virtual Lab (SureBackups)<\/li>\n<li>Integraci\u00f3n con VeeamONE y Reportes<\/li>\n<\/ul>\n<p><strong>IMPORTANTE<\/strong> &#8211; Todos los entrenamientos cuentan con asistencia y soporte t\u00e9cnico para apoyarte en tus implementaciones.<\/p>\n","protected":false},"excerpt":{"rendered":"<p>Aprende a implementar una estrategia de respaldo y contingencia efectiva usando Veeam Backup<\/p>\n","protected":false},"featured_media":10301,"comment_status":"open","ping_status":"closed","template":"","meta":{"content-type":""},"product_brand":[],"product_cat":[117,118,91,101],"product_tag":[137,141,142,139,138,140],"class_list":{"0":"post-10187","1":"product","2":"type-product","3":"status-publish","4":"has-post-thumbnail","6":"product_cat-backup-strategy","7":"product_cat-contingency","8":"product_cat-online-training","9":"product_cat-tecnologia","10":"product_tag-backup-and-contingency","11":"product_tag-backup-oracle","12":"product_tag-backup-vmware","13":"product_tag-surebackups","14":"product_tag-veeam-backup","15":"product_tag-veeamone","17":"first","18":"instock","19":"virtual","20":"sold-individually","21":"purchasable","22":"product-type-simple"},"_links":{"self":[{"href":"https:\/\/walternavarrete.com\/academy\/wp-json\/wp\/v2\/product\/10187","targetHints":{"allow":["GET"]}}],"collection":[{"href":"https:\/\/walternavarrete.com\/academy\/wp-json\/wp\/v2\/product"}],"about":[{"href":"https:\/\/walternavarrete.com\/academy\/wp-json\/wp\/v2\/types\/product"}],"replies":[{"embeddable":true,"href":"https:\/\/walternavarrete.com\/academy\/wp-json\/wp\/v2\/comments?post=10187"}],"wp:featuredmedia":[{"embeddable":true,"href":"https:\/\/walternavarrete.com\/academy\/wp-json\/wp\/v2\/media\/10301"}],"wp:attachment":[{"href":"https:\/\/walternavarrete.com\/academy\/wp-json\/wp\/v2\/media?parent=10187"}],"wp:term":[{"taxonomy":"product_brand","embeddable":true,"href":"https:\/\/walternavarrete.com\/academy\/wp-json\/wp\/v2\/product_brand?post=10187"},{"taxonomy":"product_cat","embeddable":true,"href":"https:\/\/walternavarrete.com\/academy\/wp-json\/wp\/v2\/product_cat?post=10187"},{"taxonomy":"product_tag","embeddable":true,"href":"https:\/\/walternavarrete.com\/academy\/wp-json\/wp\/v2\/product_tag?post=10187"}],"curies":[{"name":"wp","href":"https:\/\/api.w.org\/{rel}","templated":true}]}}