{"id":10048,"date":"2023-12-19T18:10:13","date_gmt":"2023-12-20T00:10:13","guid":{"rendered":"https:\/\/walternavarrete.com\/academy\/?post_type=product&#038;p=10048"},"modified":"2025-01-03T13:52:56","modified_gmt":"2025-01-03T19:52:56","slug":"configuracion-y-administracion-de-microsoft-sharepoint-online","status":"publish","type":"product","link":"https:\/\/walternavarrete.com\/academy\/product\/configuracion-y-administracion-de-microsoft-sharepoint-online\/","title":{"rendered":"Configuraci\u00f3n y Administraci\u00f3n de Microsoft SharePoint Online"},"content":{"rendered":"<p>Descubre como sacarle el mayor provecho a una de las soluciones de Microsoft Office 365 que permite la creaci\u00f3n de un escenario de Intranet Corporativa y la automatizaci\u00f3n de procesos al interior de la organizaci\u00f3n de una forma r\u00e1pida y sencilla, en este entrenamiento podr\u00e1s conocer de forma pr\u00e1ctica como sacarle mayor provecho a esta soluci\u00f3n.<\/p>\n<p>Aspectos que estar\u00e1s aprendiendo:<\/p>\n<ul>\n<li>Identificar los aspectos m\u00e1s importantes de la Administraci\u00f3n Central de SharePoint<\/li>\n<li>Planificaci\u00f3n de creaci\u00f3n de Sitios de Comunicaci\u00f3n y SubSitios<\/li>\n<li>Manejo de permisos de acceso<\/li>\n<li>Personalizaci\u00f3n de Sitios en SharePoint<\/li>\n<li>Creaci\u00f3n y configuraci\u00f3n de Librerias de Documentos<\/li>\n<li>Manejo de Listas<\/li>\n<li>Adici\u00f3n de aplicaciones<\/li>\n<\/ul>\n<p><strong>Contenido<\/strong>:<\/p>\n<p><strong>Introducci\u00f3n a SharePoint<\/strong><\/p>\n<ul>\n<li>Historia y Alternativas para usar SharePoint (Online y OnPremises)<\/li>\n<li>Un paseo por SharePoint Online<\/li>\n<li>Estructura de un Sitio en SharePoint<\/li>\n<\/ul>\n<p><strong>Administraci\u00f3n Central de SharePoint<\/strong><\/p>\n<ul>\n<li>Centro de Administraci\u00f3n Central de SharePoint<\/li>\n<li>Delegacndo la Administraci\u00f3n Central<\/li>\n<\/ul>\n<p><strong>Creaci\u00f3n y Administraci\u00f3n de Sitios<\/strong><\/p>\n<ul>\n<li>Planificaci\u00f3n la creaci\u00f3n de Sitios en SharePoint<\/li>\n<li>Personalizaci\u00f3n del Sitio<\/li>\n<li>Manejo de Librerias de Documentos<\/li>\n<li>Manejo de Listas<\/li>\n<li>Creando un Sitio para Manejo de Proyectos en SharePoint<\/li>\n<\/ul>\n<p><strong>IMPORTANTE<\/strong> &#8211; todos los entrenamientos cuentan con soporte asistencial para apoyarte en tus implementaciones.<\/p>\n","protected":false},"excerpt":{"rendered":"<p>Descubre como sacarle el mayor provecho a una de las soluciones de Microsoft Office 365 que permite la creaci\u00f3n de<\/p>\n","protected":false},"featured_media":10045,"comment_status":"open","ping_status":"closed","template":"","meta":{"content-type":""},"product_brand":[],"product_cat":[91,100],"product_tag":[145,143,144],"class_list":{"0":"post-10048","1":"product","2":"type-product","3":"status-publish","4":"has-post-thumbnail","6":"product_cat-online-training","7":"product_cat-productividad","8":"product_tag-rpa","9":"product_tag-sharepoint","10":"product_tag-sharepoint-online","12":"first","13":"instock","14":"virtual","15":"sold-individually","16":"purchasable","17":"product-type-simple"},"_links":{"self":[{"href":"https:\/\/walternavarrete.com\/academy\/wp-json\/wp\/v2\/product\/10048","targetHints":{"allow":["GET"]}}],"collection":[{"href":"https:\/\/walternavarrete.com\/academy\/wp-json\/wp\/v2\/product"}],"about":[{"href":"https:\/\/walternavarrete.com\/academy\/wp-json\/wp\/v2\/types\/product"}],"replies":[{"embeddable":true,"href":"https:\/\/walternavarrete.com\/academy\/wp-json\/wp\/v2\/comments?post=10048"}],"wp:featuredmedia":[{"embeddable":true,"href":"https:\/\/walternavarrete.com\/academy\/wp-json\/wp\/v2\/media\/10045"}],"wp:attachment":[{"href":"https:\/\/walternavarrete.com\/academy\/wp-json\/wp\/v2\/media?parent=10048"}],"wp:term":[{"taxonomy":"product_brand","embeddable":true,"href":"https:\/\/walternavarrete.com\/academy\/wp-json\/wp\/v2\/product_brand?post=10048"},{"taxonomy":"product_cat","embeddable":true,"href":"https:\/\/walternavarrete.com\/academy\/wp-json\/wp\/v2\/product_cat?post=10048"},{"taxonomy":"product_tag","embeddable":true,"href":"https:\/\/walternavarrete.com\/academy\/wp-json\/wp\/v2\/product_tag?post=10048"}],"curies":[{"name":"wp","href":"https:\/\/api.w.org\/{rel}","templated":true}]}}